{"id":1747,"date":"2023-06-19T15:43:59","date_gmt":"2023-06-19T15:43:59","guid":{"rendered":"http:\/\/projects.urbanelement.com\/francisdurbridgepresents\/countries\/italy\/"},"modified":"2024-01-30T16:43:23","modified_gmt":"2024-01-30T16:43:23","slug":"italien","status":"publish","type":"page","link":"https:\/\/www.francisdurbridgepresents.com\/de\/countries\/italien\/","title":{"rendered":"Italien"},"content":{"rendered":"<p>[et_pb_section fb_built=&#8220;1&#8243; _builder_version=&#8220;4.21.0&#8243; _module_preset=&#8220;default&#8220; custom_padding=&#8220;0px||0px||true|false&#8220; global_colors_info=&#8220;{}&#8220;][et_pb_row _builder_version=&#8220;4.21.0&#8243; _module_preset=&#8220;default&#8220; width=&#8220;100%&#8220; max_width=&#8220;100%&#8220; custom_padding=&#8220;0px||0px||true|false&#8220; global_colors_info=&#8220;{}&#8220;][et_pb_column type=&#8220;4_4&#8243; _builder_version=&#8220;4.21.0&#8243; _module_preset=&#8220;default&#8220; global_colors_info=&#8220;{}&#8220;][et_pb_divider show_divider=&#8220;off&#8220; _builder_version=&#8220;4.21.0&#8243; _module_preset=&#8220;default&#8220; background_image=&#8220;https:\/\/www.francisdurbridgepresents.com\/wp-content\/uploads\/2023\/06\/Images-banner.png&#8220; custom_padding=&#8220;12vh||12vh||true|false&#8220; custom_padding_tablet=&#8220;7vh||7vh||true|false&#8220; custom_padding_phone=&#8220;7vh||7vh||true|false&#8220; custom_padding_last_edited=&#8220;on|phone&#8220; global_colors_info=&#8220;{}&#8220;][\/et_pb_divider][\/et_pb_column][\/et_pb_row][\/et_pb_section][et_pb_section fb_built=&#8220;1&#8243; custom_padding_last_edited=&#8220;on|tablet&#8220; _builder_version=&#8220;4.21.0&#8243; _module_preset=&#8220;default&#8220; custom_padding=&#8220;180px||60px||false|false&#8220; custom_padding_tablet=&#8220;50px||50px||true|false&#8220; custom_padding_phone=&#8220;50px||50px||true|false&#8220; global_colors_info=&#8220;{}&#8220;][et_pb_row use_custom_gutter=&#8220;on&#8220; gutter_width=&#8220;1&#8243; custom_padding_last_edited=&#8220;on|tablet&#8220; _builder_version=&#8220;4.21.0&#8243; _module_preset=&#8220;default&#8220; background_enable_color=&#8220;off&#8220; width_tablet=&#8220;95%&#8220; width_phone=&#8220;95%&#8220; width_last_edited=&#8220;on|tablet&#8220; max_width=&#8220;100%&#8220; custom_margin=&#8220;||||false|false&#8220; custom_padding=&#8220;20px|30px|20px|30px|true|true&#8220; custom_padding_tablet=&#8220;20px|0px|20px|0px|true|true&#8220; custom_padding_phone=&#8220;20px|0px|20px|0px|true|true&#8220; global_colors_info=&#8220;{}&#8220;][et_pb_column type=&#8220;4_4&#8243; _builder_version=&#8220;4.21.0&#8243; _module_preset=&#8220;default&#8220; background_color=&#8220;gcid-d894ffb2-e0cf-41e7-babb-c0f5051153e4&#8243; custom_padding=&#8220;20px|20px|20px|20px|true|true&#8220; global_colors_info=&#8220;{%22gcid-d894ffb2-e0cf-41e7-babb-c0f5051153e4%22:%91%22background_color%22%93}&#8220;][et_pb_text _builder_version=&#8220;4.21.0&#8243; _module_preset=&#8220;default&#8220; text_font=&#8220;||||||||&#8220; text_text_color=&#8220;#FFFFFF&#8220; width=&#8220;50%&#8220; width_tablet=&#8220;100%&#8220; width_phone=&#8220;100%&#8220; width_last_edited=&#8220;on|tablet&#8220; module_alignment=&#8220;center&#8220; global_colors_info=&#8220;{}&#8220;]<\/p>\n<p>International<\/p>\n<p>[\/et_pb_text][\/et_pb_column][\/et_pb_row][et_pb_row _builder_version=&#8220;4.21.0&#8243; _module_preset=&#8220;default&#8220; width_tablet=&#8220;95%&#8220; width_phone=&#8220;95%&#8220; width_last_edited=&#8220;on|tablet&#8220; max_width=&#8220;100%&#8220; custom_padding=&#8220;0px||0px||true|false&#8220; global_colors_info=&#8220;{}&#8220;][et_pb_column type=&#8220;4_4&#8243; _builder_version=&#8220;4.21.0&#8243; _module_preset=&#8220;default&#8220; global_colors_info=&#8220;{}&#8220;][et_pb_image src=&#8220;https:\/\/www.francisdurbridgepresents.com\/wp-content\/uploads\/2023\/06\/Francis-IMG.png&#8220; title_text=&#8220;Francis-IMG&#8220; _builder_version=&#8220;4.21.0&#8243; _module_preset=&#8220;default&#8220; width_tablet=&#8220;25%&#8220; width_phone=&#8220;45%&#8220; width_last_edited=&#8220;on|phone&#8220; custom_margin=&#8220;-220px||||false|false&#8220; custom_margin_tablet=&#8220;0px||||false|false&#8220; custom_margin_phone=&#8220;0px||||false|false&#8220; custom_margin_last_edited=&#8220;on|tablet&#8220; global_colors_info=&#8220;{}&#8220; width__hover_enabled=&#8220;off|desktop&#8220;][\/et_pb_image][\/et_pb_column][\/et_pb_row][et_pb_row custom_padding_last_edited=&#8220;on|tablet&#8220; _builder_version=&#8220;4.21.0&#8243; _module_preset=&#8220;default&#8220; width_tablet=&#8220;95%&#8220; width_phone=&#8220;95%&#8220; width_last_edited=&#8220;on|tablet&#8220; max_width=&#8220;100%&#8220; custom_margin=&#8220;50px||||false|false&#8220; custom_padding=&#8220;0px|||30px|false|false&#8220; custom_padding_tablet=&#8220;|||0px|false|false&#8220; custom_padding_phone=&#8220;|||0px|false|false&#8220; border_width_left=&#8220;10px&#8220; border_color_left=&#8220;#d2d2d2&#8243; border_width_left_tablet=&#8220;0px&#8220; border_width_left_phone=&#8220;0px&#8220; border_width_left_last_edited=&#8220;on|tablet&#8220; global_colors_info=&#8220;{}&#8220;][et_pb_column type=&#8220;4_4&#8243; _builder_version=&#8220;4.21.0&#8243; _module_preset=&#8220;default&#8220; global_colors_info=&#8220;{}&#8220;][et_pb_text content_tablet=&#8220;<\/p>\n<h1>Francis Durbridge and Italy<\/h1>\n<p>&#8220; content_phone=&#8220;<\/p>\n<h1>Francis Durbridge and Italy<\/h1>\n<p>&#8220; content_last_edited=&#8220;on|phone&#8220; _builder_version=&#8220;4.24.0&#8243; _module_preset=&#8220;default&#8220; header_text_color=&#8220;gcid-d894ffb2-e0cf-41e7-babb-c0f5051153e4&#8243; header_font_size=&#8220;50px&#8220; header_line_height=&#8220;1.3em&#8220; hover_enabled=&#8220;0&#8243; header_font_size_tablet=&#8220;40px&#8220; header_font_size_phone=&#8220;30px&#8220; header_font_size_last_edited=&#8220;on|phone&#8220; global_colors_info=&#8220;{%22gcid-d894ffb2-e0cf-41e7-babb-c0f5051153e4%22:%91%22header_text_color%22%93}&#8220; sticky_enabled=&#8220;0&#8243;]<\/p>\n<h1>Francis Durbridge<br \/>und Italien<\/h1>\n<p>[\/et_pb_text][\/et_pb_column][\/et_pb_row][et_pb_row custom_padding_last_edited=&#8220;on|tablet&#8220; _builder_version=&#8220;4.21.0&#8243; _module_preset=&#8220;default&#8220; width_tablet=&#8220;95%&#8220; width_phone=&#8220;95%&#8220; width_last_edited=&#8220;on|tablet&#8220; max_width=&#8220;100%&#8220; custom_padding=&#8220;0px||0px|30px|false|false&#8220; custom_padding_tablet=&#8220;|||0px|false|false&#8220; custom_padding_phone=&#8220;|||0px|false|false&#8220; border_width_left=&#8220;10px&#8220; border_color_left=&#8220;#d2d2d2&#8243; border_width_left_tablet=&#8220;0px&#8220; border_width_left_phone=&#8220;0px&#8220; border_width_left_last_edited=&#8220;on|tablet&#8220; global_colors_info=&#8220;{}&#8220;][et_pb_column type=&#8220;4_4&#8243; _builder_version=&#8220;4.21.0&#8243; _module_preset=&#8220;default&#8220; global_colors_info=&#8220;{}&#8220;][et_pb_text _builder_version=&#8220;4.24.0&#8243; _module_preset=&#8220;default&#8220; hover_enabled=&#8220;0&#8243; global_colors_info=&#8220;{}&#8220; sticky_enabled=&#8220;0&#8243;]<\/p>\n<p>Zwischen 1953 und 1977 wurden in Italien sieben Paul-Temple-H\u00f6rspielserien produziert. Italienische Fans m\u00fcssen oft etwas verwirrt gewesen sein, denn in jeder Serie wurden verschiedene Schauspieler als Paul Temple und Steve besetzt, die in einer Serie sogar in Betty umbenannt wurde. Mehrere Abenteuer wurden von dem bekannten Radioproduzenten Umberto Benedetto (1915-2003) inszeniert.<\/p>\n<p>In Italien wurde Francis Durbridge allerdings erst durch seine Fernsehmehrteiler ein Begriff. Zwischen 1963 und 1985 wurden neun Serien von der RAI produziert und zwei weitere BBC-Produktionen wurden auch in italienischer Synchronisation gesendet.<\/p>\n<p>Die Fernsehserien wurden jeweils von verschiedenen Produzenten und Regisseuren f\u00fcr die RAI realisiert, das Bindeglied zwischen ihnen war Franca Cancogni (1920-2022), die alle Drehb\u00fccher \u00fcbersetzte und zum Teil auch f\u00fcr das italienische Fernsehen adaptierte. Sie selbst war eine bekannte italienische Fernsehautorin.<\/p>\n<p>Wie bei den deutschen Produktionen wurden h\u00e4ufig \u00c4nderungen an der Handlung und den Figuren vorgenommen und auch das Format der Episoden ver\u00e4ndert. Man k\u00f6nnte sagen, dass sie an den italienischen Fernsehgeschmack angepasst wurden und daher f\u00fcr das britische Publikum vielleicht nicht sofort erkennbar waren. Dennoch besteht kein Zweifel an ihrem gro\u00dfen Erfolg in Italien, da die Mehrteiler in der Regel von den besten Fernsehregisseuren inszeniert und mit den popul\u00e4rsten Schauspielern der damaligen Zeit besetzt waren, darunter Rossano Brazzi und Alberto Lupo. Der Erfolg der Fernsehserien hat Antonio Scaglioni dazu veranlasst, ein Buch mit dem Titel \u201eFrancis Durbridge e la RAI\u201c zu schreiben, in dem er die Entwicklung der Serien beschreibt.<\/p>\n<p>Francis Durbridge war in Italien so ber\u00fchmt, dass der bekannte italienische Hollywood-Filmproduzent Dino de Laurentis ihn beauftragte, ein Treatment f\u00fcr einen Film zu schreiben, der auf einer bereits bestehenden Idee basierte. Das daraus resultierende Treatment hie\u00df ZAKARY. Es handelte sich dabei um einen Thriller, der im Japan der Zwischenkriegszeit spielte, aber leider \u2013 wie es bei Filmprojekten oft der Fall ist \u2013 nie produziert wurde.<\/p>\n<p>Leider wurden Francis Durbridges B\u00fchnenst\u00fccke in Italien nicht aufgef\u00fchrt. Wie er in dem auf dieser Website abgedruckten Interview mit einem italienischen Journalisten erkl\u00e4rt, waren Krimis zwar beim italienischen Publikum beliebt, doch die Theaterproduzenten hielten es f\u00fcr zu riskant, sie auf die B\u00fchne zu bringen.<\/p>\n<p>[\/et_pb_text][\/et_pb_column][\/et_pb_row][\/et_pb_section][et_pb_section fb_built=&#8220;1&#8243; custom_padding_last_edited=&#8220;on|phone&#8220; _builder_version=&#8220;4.21.0&#8243; _module_preset=&#8220;default&#8220; custom_padding=&#8220;||0px||false|false&#8220; custom_padding_tablet=&#8220;0px||0px||false|false&#8220; custom_padding_phone=&#8220;20px||0px||false|false&#8220; global_colors_info=&#8220;{}&#8220;][\/et_pb_section][et_pb_section fb_built=&#8220;1&#8243; _builder_version=&#8220;4.21.0&#8243; _module_preset=&#8220;default&#8220; background_color=&#8220;#e8e8e8&#8243; custom_padding=&#8220;0px||80px||false|false&#8220; global_colors_info=&#8220;{}&#8220;][et_pb_row _builder_version=&#8220;4.21.0&#8243; _module_preset=&#8220;default&#8220; global_colors_info=&#8220;{}&#8220;][et_pb_column type=&#8220;4_4&#8243; _builder_version=&#8220;4.21.0&#8243; _module_preset=&#8220;default&#8220; global_colors_info=&#8220;{}&#8220;][et_pb_blurb title=&#8220;Werk von Francis Durbridge in Italien&#8220; use_icon=&#8220;on&#8220; font_icon=&#8220;&#xf57c;||fa||900&#8243; icon_color=&#8220;#FFFFFF&#8220; image_icon_background_color=&#8220;gcid-d894ffb2-e0cf-41e7-babb-c0f5051153e4&#8243; image_icon_width=&#8220;50px&#8220; content_max_width=&#8220;100%&#8220; _builder_version=&#8220;4.24.0&#8243; _module_preset=&#8220;default&#8220; header_font=&#8220;|600|||||||&#8220; header_text_align=&#8220;center&#8220; header_line_height=&#8220;1.3em&#8220; custom_margin=&#8220;-75px||||false|false&#8220; hover_enabled=&#8220;0&#8243; header_line_height_tablet=&#8220;1.3em&#8220; header_line_height_phone=&#8220;1.6em&#8220; header_line_height_last_edited=&#8220;on|phone&#8220; border_radii_image=&#8220;on|360px|360px|360px|360px&#8220; border_width_all_image=&#8220;20px&#8220; border_color_all_image=&#8220;gcid-d894ffb2-e0cf-41e7-babb-c0f5051153e4&#8243; global_colors_info=&#8220;{%22gcid-d894ffb2-e0cf-41e7-babb-c0f5051153e4%22:%91%22image_icon_background_color%22,%22border_color_all_image%22%93}&#8220; sticky_enabled=&#8220;0&#8243;][\/et_pb_blurb][\/et_pb_column][\/et_pb_row][et_pb_row _builder_version=&#8220;4.21.0&#8243; _module_preset=&#8220;default&#8220; width=&#8220;100%&#8220; max_width=&#8220;100%&#8220; custom_padding=&#8220;0px||0px||true|false&#8220; global_colors_info=&#8220;{}&#8220;][et_pb_column type=&#8220;4_4&#8243; _builder_version=&#8220;4.21.0&#8243; _module_preset=&#8220;default&#8220; global_colors_info=&#8220;{}&#8220;][dipi_carousel columns=&#8220;6&#8243; space_between=&#8220;40&#8243; loop_wide=&#8220;on&#8220; autoplay_wide=&#8220;on&#8220; pause_on_hover_wide=&#8220;on&#8220; autoplay_speed_wide=&#8220;5000&#8243; loop_mid=&#8220;on&#8220; loop_small=&#8220;on&#8220; navigation=&#8220;on&#8220; pagination=&#8220;on&#8220; centered=&#8220;on&#8220; navigation_prev_icon_yn=&#8220;on&#8220; navigation_prev_icon=&#8220;&#x44;||divi||400&#8243; navigation_next_icon_yn=&#8220;on&#8220; navigation_next_icon=&#8220;&#x45;||divi||400&#8243; navigation_padding=&#8220;25&#8243; navigation_color=&#8220;#FFFFFF&#8220; navigation_bg_color=&#8220;rgba(0,0,0,0.5)&#8220; navigation_position_left=&#8220;0px&#8220; navigation_position_right=&#8220;0px&#8220; pagination_color=&#8220;#000000&#8243; pagination_active_color=&#8220;#bc1616&#8243; columns_tablet=&#8220;3&#8243; columns_phone=&#8220;1&#8243; columns_last_edited=&#8220;on|phone&#8220; _builder_version=&#8220;4.21.0&#8243; _module_preset=&#8220;default&#8220; width=&#8220;100%&#8220; module_alignment=&#8220;center&#8220; custom_css_title=&#8220;display:none;&#8220; global_colors_info=&#8220;{}&#8220; custom_css_active_slide_last_edited=&#8220;off|desktop&#8220;][dipi_carousel_child img_src=&#8220;https:\/\/www.francisdurbridgepresents.com\/wp-content\/uploads\/2023\/06\/IMG_7234.jpg&#8220; title_text=&#8220;IMG_7234&#8243; _builder_version=&#8220;4.21.0&#8243; _module_preset=&#8220;default&#8220; global_colors_info=&#8220;{}&#8220;][\/dipi_carousel_child][dipi_carousel_child img_src=&#8220;https:\/\/www.francisdurbridgepresents.com\/wp-content\/uploads\/2023\/06\/IMG_7235.jpg&#8220; title_text=&#8220;IMG_7235&#8243; _builder_version=&#8220;4.21.0&#8243; _module_preset=&#8220;default&#8220; global_colors_info=&#8220;{}&#8220;][\/dipi_carousel_child][dipi_carousel_child img_src=&#8220;https:\/\/www.francisdurbridgepresents.com\/wp-content\/uploads\/2023\/06\/IMG_7237.jpg&#8220; title_text=&#8220;IMG_7237&#8243; _builder_version=&#8220;4.21.0&#8243; _module_preset=&#8220;default&#8220; global_colors_info=&#8220;{}&#8220;][\/dipi_carousel_child][dipi_carousel_child img_src=&#8220;https:\/\/www.francisdurbridgepresents.com\/wp-content\/uploads\/2023\/06\/IMG_7238.jpg&#8220; title_text=&#8220;IMG_7238&#8243; _builder_version=&#8220;4.21.0&#8243; _module_preset=&#8220;default&#8220; global_colors_info=&#8220;{}&#8220;][\/dipi_carousel_child][dipi_carousel_child img_src=&#8220;https:\/\/www.francisdurbridgepresents.com\/wp-content\/uploads\/2023\/06\/IMG_7239.jpg&#8220; title_text=&#8220;IMG_7239&#8243; _builder_version=&#8220;4.21.0&#8243; _module_preset=&#8220;default&#8220; global_colors_info=&#8220;{}&#8220;][\/dipi_carousel_child][dipi_carousel_child img_src=&#8220;https:\/\/www.francisdurbridgepresents.com\/wp-content\/uploads\/2023\/06\/IMG_7240.jpg&#8220; title_text=&#8220;IMG_7240&#8243; _builder_version=&#8220;4.21.0&#8243; _module_preset=&#8220;default&#8220; global_colors_info=&#8220;{}&#8220;][\/dipi_carousel_child][dipi_carousel_child img_src=&#8220;https:\/\/www.francisdurbridgepresents.com\/wp-content\/uploads\/2023\/06\/IMG_7241.jpg&#8220; title_text=&#8220;IMG_7241&#8243; _builder_version=&#8220;4.21.0&#8243; _module_preset=&#8220;default&#8220; global_colors_info=&#8220;{}&#8220;][\/dipi_carousel_child][dipi_carousel_child img_src=&#8220;https:\/\/www.francisdurbridgepresents.com\/wp-content\/uploads\/2023\/06\/IMG_7242.jpg&#8220; title_text=&#8220;IMG_7242&#8243; _builder_version=&#8220;4.21.0&#8243; _module_preset=&#8220;default&#8220; global_colors_info=&#8220;{}&#8220;][\/dipi_carousel_child][\/dipi_carousel][\/et_pb_column][\/et_pb_row][\/et_pb_section]<\/p>\n","protected":false},"excerpt":{"rendered":"<p>InternationalFrancis Durbridgeund ItalienZwischen 1953 und 1977 wurden in Italien sieben Paul-Temple-H\u00f6rspielserien produziert. Italienische Fans m\u00fcssen oft etwas verwirrt gewesen sein, denn in jeder Serie wurden verschiedene Schauspieler als Paul Temple und Steve besetzt, die in einer Serie sogar in Betty umbenannt wurde. Mehrere Abenteuer wurden von dem bekannten Radioproduzenten Umberto Benedetto (1915-2003) inszeniert. In Italien [&hellip;]<\/p>\n","protected":false},"author":1,"featured_media":0,"parent":1696,"menu_order":0,"comment_status":"closed","ping_status":"closed","template":"","meta":{"_et_pb_use_builder":"on","_et_pb_old_content":"","_et_gb_content_width":"","footnotes":""},"dipi_cpt_category":[],"class_list":["post-1747","page","type-page","status-publish","hentry"],"yoast_head":"<!-- This site is optimized with the Yoast SEO plugin v22.0 - https:\/\/yoast.com\/wordpress\/plugins\/seo\/ -->\n<title>Italian Television and Radio Adaptations | Serial Productions<\/title>\n<meta name=\"robots\" content=\"index, follow, max-snippet:-1, max-image-preview:large, max-video-preview:-1\" \/>\n<link rel=\"canonical\" href=\"https:\/\/www.francisdurbridgepresents.com\/de\/countries\/italien\/\" \/>\n<meta property=\"og:locale\" content=\"de_DE\" \/>\n<meta property=\"og:type\" content=\"article\" \/>\n<meta property=\"og:title\" content=\"Italian Television and Radio Adaptations | Serial Productions\" \/>\n<meta property=\"og:description\" content=\"InternationalFrancis Durbridgeund ItalienZwischen 1953 und 1977 wurden in Italien sieben Paul-Temple-H\u00f6rspielserien produziert. Italienische Fans m\u00fcssen oft etwas verwirrt gewesen sein, denn in jeder Serie wurden verschiedene Schauspieler als Paul Temple und Steve besetzt, die in einer Serie sogar in Betty umbenannt wurde. Mehrere Abenteuer wurden von dem bekannten Radioproduzenten Umberto Benedetto (1915-2003) inszeniert. In Italien [&hellip;]\" \/>\n<meta property=\"og:url\" content=\"https:\/\/www.francisdurbridgepresents.com\/de\/countries\/italien\/\" \/>\n<meta property=\"og:site_name\" content=\"Francis Durbridge\" \/>\n<meta property=\"article:modified_time\" content=\"2024-01-30T16:43:23+00:00\" \/>\n<meta name=\"twitter:card\" content=\"summary_large_image\" \/>\n<meta name=\"twitter:label1\" content=\"Gesch\u00e4tzte Lesezeit\" \/>\n\t<meta name=\"twitter:data1\" content=\"4\u00a0Minuten\" \/>\n<script type=\"application\/ld+json\" class=\"yoast-schema-graph\">{\"@context\":\"https:\/\/schema.org\",\"@graph\":[{\"@type\":\"WebPage\",\"@id\":\"https:\/\/www.francisdurbridgepresents.com\/de\/countries\/italien\/\",\"url\":\"https:\/\/www.francisdurbridgepresents.com\/de\/countries\/italien\/\",\"name\":\"Italian Television and Radio Adaptations | Serial Productions\",\"isPartOf\":{\"@id\":\"http:\/\/www.francisdurbridgepresents.com\/de\/#website\"},\"datePublished\":\"2023-06-19T15:43:59+00:00\",\"dateModified\":\"2024-01-30T16:43:23+00:00\",\"breadcrumb\":{\"@id\":\"https:\/\/www.francisdurbridgepresents.com\/de\/countries\/italien\/#breadcrumb\"},\"inLanguage\":\"de\",\"potentialAction\":[{\"@type\":\"ReadAction\",\"target\":[\"https:\/\/www.francisdurbridgepresents.com\/de\/countries\/italien\/\"]}]},{\"@type\":\"BreadcrumbList\",\"@id\":\"https:\/\/www.francisdurbridgepresents.com\/de\/countries\/italien\/#breadcrumb\",\"itemListElement\":[{\"@type\":\"ListItem\",\"position\":1,\"name\":\"Home\",\"item\":\"http:\/\/projects.urbanelement.com\/francisdurbridgepresents\/de\/\"},{\"@type\":\"ListItem\",\"position\":2,\"name\":\"International\",\"item\":\"http:\/\/projects.urbanelement.com\/francisdurbridgepresents\/countries\/\"},{\"@type\":\"ListItem\",\"position\":3,\"name\":\"Italien\"}]},{\"@type\":\"WebSite\",\"@id\":\"http:\/\/www.francisdurbridgepresents.com\/de\/#website\",\"url\":\"http:\/\/www.francisdurbridgepresents.com\/de\/\",\"name\":\"Francis Durbridge\",\"description\":\"Serial Productions\",\"publisher\":{\"@id\":\"http:\/\/www.francisdurbridgepresents.com\/de\/#organization\"},\"potentialAction\":[{\"@type\":\"SearchAction\",\"target\":{\"@type\":\"EntryPoint\",\"urlTemplate\":\"http:\/\/www.francisdurbridgepresents.com\/de\/?s={search_term_string}\"},\"query-input\":\"required name=search_term_string\"}],\"inLanguage\":\"de\"},{\"@type\":\"Organization\",\"@id\":\"http:\/\/www.francisdurbridgepresents.com\/de\/#organization\",\"name\":\"Francis Durbridge\",\"url\":\"http:\/\/www.francisdurbridgepresents.com\/de\/\",\"logo\":{\"@type\":\"ImageObject\",\"inLanguage\":\"de\",\"@id\":\"http:\/\/www.francisdurbridgepresents.com\/de\/#\/schema\/logo\/image\/\",\"url\":\"https:\/\/www.francisdurbridgepresents.com\/wp-content\/uploads\/2023\/06\/logo.jpg\",\"contentUrl\":\"https:\/\/www.francisdurbridgepresents.com\/wp-content\/uploads\/2023\/06\/logo.jpg\",\"width\":265,\"height\":159,\"caption\":\"Francis Durbridge\"},\"image\":{\"@id\":\"http:\/\/www.francisdurbridgepresents.com\/de\/#\/schema\/logo\/image\/\"}}]}<\/script>\n<!-- \/ Yoast SEO plugin. -->","yoast_head_json":{"title":"Italian Television and Radio Adaptations | Serial Productions","robots":{"index":"index","follow":"follow","max-snippet":"max-snippet:-1","max-image-preview":"max-image-preview:large","max-video-preview":"max-video-preview:-1"},"canonical":"https:\/\/www.francisdurbridgepresents.com\/de\/countries\/italien\/","og_locale":"de_DE","og_type":"article","og_title":"Italian Television and Radio Adaptations | Serial Productions","og_description":"InternationalFrancis Durbridgeund ItalienZwischen 1953 und 1977 wurden in Italien sieben Paul-Temple-H\u00f6rspielserien produziert. Italienische Fans m\u00fcssen oft etwas verwirrt gewesen sein, denn in jeder Serie wurden verschiedene Schauspieler als Paul Temple und Steve besetzt, die in einer Serie sogar in Betty umbenannt wurde. Mehrere Abenteuer wurden von dem bekannten Radioproduzenten Umberto Benedetto (1915-2003) inszeniert. In Italien [&hellip;]","og_url":"https:\/\/www.francisdurbridgepresents.com\/de\/countries\/italien\/","og_site_name":"Francis Durbridge","article_modified_time":"2024-01-30T16:43:23+00:00","twitter_card":"summary_large_image","twitter_misc":{"Gesch\u00e4tzte Lesezeit":"4\u00a0Minuten"},"schema":{"@context":"https:\/\/schema.org","@graph":[{"@type":"WebPage","@id":"https:\/\/www.francisdurbridgepresents.com\/de\/countries\/italien\/","url":"https:\/\/www.francisdurbridgepresents.com\/de\/countries\/italien\/","name":"Italian Television and Radio Adaptations | Serial Productions","isPartOf":{"@id":"http:\/\/www.francisdurbridgepresents.com\/de\/#website"},"datePublished":"2023-06-19T15:43:59+00:00","dateModified":"2024-01-30T16:43:23+00:00","breadcrumb":{"@id":"https:\/\/www.francisdurbridgepresents.com\/de\/countries\/italien\/#breadcrumb"},"inLanguage":"de","potentialAction":[{"@type":"ReadAction","target":["https:\/\/www.francisdurbridgepresents.com\/de\/countries\/italien\/"]}]},{"@type":"BreadcrumbList","@id":"https:\/\/www.francisdurbridgepresents.com\/de\/countries\/italien\/#breadcrumb","itemListElement":[{"@type":"ListItem","position":1,"name":"Home","item":"http:\/\/projects.urbanelement.com\/francisdurbridgepresents\/de\/"},{"@type":"ListItem","position":2,"name":"International","item":"http:\/\/projects.urbanelement.com\/francisdurbridgepresents\/countries\/"},{"@type":"ListItem","position":3,"name":"Italien"}]},{"@type":"WebSite","@id":"http:\/\/www.francisdurbridgepresents.com\/de\/#website","url":"http:\/\/www.francisdurbridgepresents.com\/de\/","name":"Francis Durbridge","description":"Serial Productions","publisher":{"@id":"http:\/\/www.francisdurbridgepresents.com\/de\/#organization"},"potentialAction":[{"@type":"SearchAction","target":{"@type":"EntryPoint","urlTemplate":"http:\/\/www.francisdurbridgepresents.com\/de\/?s={search_term_string}"},"query-input":"required name=search_term_string"}],"inLanguage":"de"},{"@type":"Organization","@id":"http:\/\/www.francisdurbridgepresents.com\/de\/#organization","name":"Francis Durbridge","url":"http:\/\/www.francisdurbridgepresents.com\/de\/","logo":{"@type":"ImageObject","inLanguage":"de","@id":"http:\/\/www.francisdurbridgepresents.com\/de\/#\/schema\/logo\/image\/","url":"https:\/\/www.francisdurbridgepresents.com\/wp-content\/uploads\/2023\/06\/logo.jpg","contentUrl":"https:\/\/www.francisdurbridgepresents.com\/wp-content\/uploads\/2023\/06\/logo.jpg","width":265,"height":159,"caption":"Francis Durbridge"},"image":{"@id":"http:\/\/www.francisdurbridgepresents.com\/de\/#\/schema\/logo\/image\/"}}]}},"_links":{"self":[{"href":"https:\/\/www.francisdurbridgepresents.com\/de\/wp-json\/wp\/v2\/pages\/1747","targetHints":{"allow":["GET"]}}],"collection":[{"href":"https:\/\/www.francisdurbridgepresents.com\/de\/wp-json\/wp\/v2\/pages"}],"about":[{"href":"https:\/\/www.francisdurbridgepresents.com\/de\/wp-json\/wp\/v2\/types\/page"}],"author":[{"embeddable":true,"href":"https:\/\/www.francisdurbridgepresents.com\/de\/wp-json\/wp\/v2\/users\/1"}],"replies":[{"embeddable":true,"href":"https:\/\/www.francisdurbridgepresents.com\/de\/wp-json\/wp\/v2\/comments?post=1747"}],"version-history":[{"count":5,"href":"https:\/\/www.francisdurbridgepresents.com\/de\/wp-json\/wp\/v2\/pages\/1747\/revisions"}],"predecessor-version":[{"id":1970,"href":"https:\/\/www.francisdurbridgepresents.com\/de\/wp-json\/wp\/v2\/pages\/1747\/revisions\/1970"}],"up":[{"embeddable":true,"href":"https:\/\/www.francisdurbridgepresents.com\/de\/wp-json\/wp\/v2\/pages\/1696"}],"wp:attachment":[{"href":"https:\/\/www.francisdurbridgepresents.com\/de\/wp-json\/wp\/v2\/media?parent=1747"}],"wp:term":[{"taxonomy":"dipi_cpt_category","embeddable":true,"href":"https:\/\/www.francisdurbridgepresents.com\/de\/wp-json\/wp\/v2\/dipi_cpt_category?post=1747"}],"curies":[{"name":"wp","href":"https:\/\/api.w.org\/{rel}","templated":true}]}}