{"id":1746,"date":"2023-06-19T15:45:05","date_gmt":"2023-06-19T15:45:05","guid":{"rendered":"http:\/\/projects.urbanelement.com\/francisdurbridgepresents\/countries\/holland\/"},"modified":"2024-02-05T14:25:42","modified_gmt":"2024-02-05T14:25:42","slug":"niederlande","status":"publish","type":"page","link":"https:\/\/www.francisdurbridgepresents.com\/de\/countries\/niederlande\/","title":{"rendered":"Niederlande"},"content":{"rendered":"<p>[et_pb_section fb_built=&#8220;1&#8243; _builder_version=&#8220;4.21.0&#8243; _module_preset=&#8220;default&#8220; custom_padding=&#8220;0px||0px||true|false&#8220; global_colors_info=&#8220;{}&#8220;][et_pb_row _builder_version=&#8220;4.21.0&#8243; _module_preset=&#8220;default&#8220; width=&#8220;100%&#8220; max_width=&#8220;100%&#8220; custom_padding=&#8220;0px||0px||true|false&#8220; global_colors_info=&#8220;{}&#8220;][et_pb_column type=&#8220;4_4&#8243; _builder_version=&#8220;4.21.0&#8243; _module_preset=&#8220;default&#8220; global_colors_info=&#8220;{}&#8220;][et_pb_divider show_divider=&#8220;off&#8220; _builder_version=&#8220;4.21.0&#8243; _module_preset=&#8220;default&#8220; background_image=&#8220;https:\/\/www.francisdurbridgepresents.com\/wp-content\/uploads\/2023\/06\/Images-banner.png&#8220; custom_padding=&#8220;12vh||12vh||true|false&#8220; custom_padding_tablet=&#8220;7vh||7vh||true|false&#8220; custom_padding_phone=&#8220;7vh||7vh||true|false&#8220; custom_padding_last_edited=&#8220;on|phone&#8220; global_colors_info=&#8220;{}&#8220;][\/et_pb_divider][\/et_pb_column][\/et_pb_row][\/et_pb_section][et_pb_section fb_built=&#8220;1&#8243; custom_padding_last_edited=&#8220;on|tablet&#8220; _builder_version=&#8220;4.21.0&#8243; _module_preset=&#8220;default&#8220; custom_padding=&#8220;180px||60px||false|false&#8220; custom_padding_tablet=&#8220;50px||50px||true|false&#8220; custom_padding_phone=&#8220;50px||50px||true|false&#8220; global_colors_info=&#8220;{}&#8220;][et_pb_row use_custom_gutter=&#8220;on&#8220; gutter_width=&#8220;1&#8243; custom_padding_last_edited=&#8220;on|tablet&#8220; _builder_version=&#8220;4.21.0&#8243; _module_preset=&#8220;default&#8220; background_enable_color=&#8220;off&#8220; width_tablet=&#8220;95%&#8220; width_phone=&#8220;95%&#8220; width_last_edited=&#8220;on|tablet&#8220; max_width=&#8220;100%&#8220; custom_margin=&#8220;||||false|false&#8220; custom_padding=&#8220;20px|30px|20px|30px|true|true&#8220; custom_padding_tablet=&#8220;20px|0px|20px|0px|true|true&#8220; custom_padding_phone=&#8220;20px|0px|20px|0px|true|true&#8220; global_colors_info=&#8220;{}&#8220;][et_pb_column type=&#8220;4_4&#8243; _builder_version=&#8220;4.21.0&#8243; _module_preset=&#8220;default&#8220; background_color=&#8220;gcid-d894ffb2-e0cf-41e7-babb-c0f5051153e4&#8243; custom_padding=&#8220;20px|20px|20px|20px|true|true&#8220; global_colors_info=&#8220;{%22gcid-d894ffb2-e0cf-41e7-babb-c0f5051153e4%22:%91%22background_color%22%93}&#8220;][et_pb_text _builder_version=&#8220;4.21.0&#8243; _module_preset=&#8220;default&#8220; text_font=&#8220;||||||||&#8220; text_text_color=&#8220;#FFFFFF&#8220; width=&#8220;50%&#8220; width_tablet=&#8220;100%&#8220; width_phone=&#8220;100%&#8220; width_last_edited=&#8220;on|tablet&#8220; module_alignment=&#8220;center&#8220; global_colors_info=&#8220;{}&#8220;]<\/p>\n<p>International<\/p>\n<p>[\/et_pb_text][\/et_pb_column][\/et_pb_row][et_pb_row _builder_version=&#8220;4.21.0&#8243; _module_preset=&#8220;default&#8220; width_tablet=&#8220;95%&#8220; width_phone=&#8220;95%&#8220; width_last_edited=&#8220;on|tablet&#8220; max_width=&#8220;100%&#8220; custom_padding=&#8220;0px||0px||true|false&#8220; global_colors_info=&#8220;{}&#8220;][et_pb_column type=&#8220;4_4&#8243; _builder_version=&#8220;4.21.0&#8243; _module_preset=&#8220;default&#8220; global_colors_info=&#8220;{}&#8220;][et_pb_image src=&#8220;https:\/\/www.francisdurbridgepresents.com\/wp-content\/uploads\/2023\/06\/Francis-IMG.png&#8220; title_text=&#8220;Francis-IMG&#8220; _builder_version=&#8220;4.21.0&#8243; _module_preset=&#8220;default&#8220; width_tablet=&#8220;25%&#8220; width_phone=&#8220;45%&#8220; width_last_edited=&#8220;on|phone&#8220; custom_margin=&#8220;-220px||||false|false&#8220; custom_margin_tablet=&#8220;0px||||false|false&#8220; custom_margin_phone=&#8220;0px||||false|false&#8220; custom_margin_last_edited=&#8220;on|tablet&#8220; global_colors_info=&#8220;{}&#8220; width__hover_enabled=&#8220;off|desktop&#8220;][\/et_pb_image][\/et_pb_column][\/et_pb_row][et_pb_row custom_padding_last_edited=&#8220;on|tablet&#8220; _builder_version=&#8220;4.21.0&#8243; _module_preset=&#8220;default&#8220; width_tablet=&#8220;95%&#8220; width_phone=&#8220;95%&#8220; width_last_edited=&#8220;on|tablet&#8220; max_width=&#8220;100%&#8220; custom_margin=&#8220;50px||||false|false&#8220; custom_padding=&#8220;0px|||30px|false|false&#8220; custom_padding_tablet=&#8220;|||0px|false|false&#8220; custom_padding_phone=&#8220;|||0px|false|false&#8220; border_width_left=&#8220;10px&#8220; border_color_left=&#8220;#d2d2d2&#8243; border_width_left_tablet=&#8220;0px&#8220; border_width_left_phone=&#8220;0px&#8220; border_width_left_last_edited=&#8220;on|tablet&#8220; global_colors_info=&#8220;{}&#8220;][et_pb_column type=&#8220;4_4&#8243; _builder_version=&#8220;4.21.0&#8243; _module_preset=&#8220;default&#8220; global_colors_info=&#8220;{}&#8220;][et_pb_text content_tablet=&#8220;<\/p>\n<h1>Francis Durbridge and The Netherlands<\/h1>\n<p>&#8220; content_phone=&#8220;<\/p>\n<h1>Francis Durbridge and The Netherlands<\/h1>\n<p>&#8220; content_last_edited=&#8220;on|phone&#8220; _builder_version=&#8220;4.24.0&#8243; _module_preset=&#8220;default&#8220; header_text_color=&#8220;gcid-d894ffb2-e0cf-41e7-babb-c0f5051153e4&#8243; header_font_size=&#8220;50px&#8220; header_line_height=&#8220;1.3em&#8220; hover_enabled=&#8220;0&#8243; header_font_size_tablet=&#8220;40px&#8220; header_font_size_phone=&#8220;30px&#8220; header_font_size_last_edited=&#8220;on|phone&#8220; global_colors_info=&#8220;{%22gcid-d894ffb2-e0cf-41e7-babb-c0f5051153e4%22:%91%22header_text_color%22%93}&#8220; sticky_enabled=&#8220;0&#8243;]<\/p>\n<h1>Francis Durbridge<br \/>und die Niederlande<\/h1>\n<p>[\/et_pb_text][\/et_pb_column][\/et_pb_row][et_pb_row custom_padding_last_edited=&#8220;on|tablet&#8220; _builder_version=&#8220;4.21.0&#8243; _module_preset=&#8220;default&#8220; width_tablet=&#8220;95%&#8220; width_phone=&#8220;95%&#8220; width_last_edited=&#8220;on|tablet&#8220; max_width=&#8220;100%&#8220; custom_padding=&#8220;0px||0px|30px|false|false&#8220; custom_padding_tablet=&#8220;|||0px|false|false&#8220; custom_padding_phone=&#8220;|||0px|false|false&#8220; border_width_left=&#8220;10px&#8220; border_color_left=&#8220;#d2d2d2&#8243; border_width_left_tablet=&#8220;0px&#8220; border_width_left_phone=&#8220;0px&#8220; border_width_left_last_edited=&#8220;on|tablet&#8220; global_colors_info=&#8220;{}&#8220;][et_pb_column type=&#8220;4_4&#8243; _builder_version=&#8220;4.21.0&#8243; _module_preset=&#8220;default&#8220; global_colors_info=&#8220;{}&#8220;][et_pb_text _builder_version=&#8220;4.24.0&#8243; _module_preset=&#8220;default&#8220; hover_enabled=&#8220;0&#8243; global_colors_info=&#8220;{}&#8220; sticky_enabled=&#8220;0&#8243;]<\/p>\n<p>Holland war f\u00fcr Francis Durbridge ein Markt, der im krassen Gegensatz zu Frankreich stand. W\u00e4hrend der Autor in Frankreich vor allem durch seine Fernsehserien bekannt wurde, waren es in Holland seine Paul-Temple-H\u00f6rspiele, die ihm gro\u00dfe Popularit\u00e4t einbrachten. Allerdings gab es nie niederl\u00e4ndische TV-Verfilmnungen.<\/p>\n<p>Zu dem fr\u00fchen Erfolg Paul Temples in den Niederlanden trug zweifellos bei, dass Francis Durbridge einen enthusiastischen holl\u00e4ndischen Agenten, Albert Milhado (1910-2001), hatte, der ihn viele Jahre lang vertrat.<\/p>\n<p>\u201eSend for Paul Temple\u201c wurde im Februar 1939 im niederl\u00e4ndischen AVRO-Radio ausgestrahlt, nur acht Monate nach der ersten BBC-Ausstrahlung. \u00dcbersetzt von J. C. Van der Horst und produziert von Kommer Kleijn (1893-1982) spielte Leo Frankel die Rolle des Paul Temple, dessen Name f\u00fcr das niederl\u00e4ndische Publikum in Paul Vlaanderen ge\u00e4ndert wurde. Steve hie\u00df nun Ina und wurde von Lily Boumeester gespielt. Aufgrund des gro\u00dfen Erfolges folgte nur wenige Monate sp\u00e4ter eine niederl\u00e4ndische Version von \u201ePaul Temple and the Front Page Men\u201c, die vom gleichen Team umgesetzt wurde.<\/p>\n<p>Die n\u00e4chste Serie, \u201eNews of Paul Temple\u201c war jedoch wegen des Krieges die letzte f\u00fcr mehrere Jahre, da nur 4 Folgen ausgestrahlt werden konnten, bevor Deutschland in Holland einmarschierte und die H\u00f6rer auf die Aufl\u00f6sung warten mussten, bis 1946 eine neue Version ausgestrahlt wurde. Viele Jahre lang war das englische Originalmanuskript von \u201eNews of Paul Temple\u201c verschollen und in den Archiven der BBC nicht auffindbar. Im Jahr 2022 wurde jedoch ein Satz der niederl\u00e4ndischen Skripte in einem niederl\u00e4ndischen Archiv gefunden, so dass einer der \u201cverschollenen\u201c Temples nun wieder gelesen werden kann.<\/p>\n<p>Nach dem Krieg wurden zwischen 1947 und 1966 weitere siebzehn niederl\u00e4ndische Serien sowie drei k\u00fcrzere Paul-Temple-St\u00fccke produziert (eines davon war \u201eOver My Dead Body\u201c, eine Geschichte, die urspr\u00fcnglich gar nicht Temple zum Protagonisten hatte, aber zum Paul-Temple-St\u00fcck umgeschrieben wurde), diesmal jedoch von einem neuen Team, das mit dem Regisseur Kommer Kleijn zusammenarbeitete. Die Rolle des Paul Vlaanderen wurde von Jan van Ees (1896-1966) \u00fcbernommen und Eva Janssen (1911-1996) spielte Ina. Sie traten in allen siebzehn Serien auf, die in Holland ein gro\u00dfer Erfolg waren. Die Serien wurden bis 1953 von J. C. van der Horst und danach von Johan Bennik (einem Pseudonym von Jan van Ees) \u00fcbersetzt. Alle wurden von Kommer Kleijn inszeniert, mit Ausnahme der letzten drei, bei denen Dick van Putten Regie f\u00fchrte.<\/p>\n<p>Der Erfolg von Paul Temple f\u00fchrte auch dazu, dass andere Francis-Durbridge-H\u00f6rspiele f\u00fcr das Radio produziert wurden, darunter \u201eWhat Do You Think?\u201c (1977), \u201ePassport to Danger\u201c (1985) und \u201eMr. Lucas\u201c (1988).<\/p>\n<p>[\/et_pb_text][\/et_pb_column][\/et_pb_row][\/et_pb_section][et_pb_section fb_built=&#8220;1&#8243; custom_padding_last_edited=&#8220;on|phone&#8220; _builder_version=&#8220;4.21.0&#8243; _module_preset=&#8220;default&#8220; custom_padding=&#8220;||0px||false|false&#8220; custom_padding_tablet=&#8220;0px||0px||false|false&#8220; custom_padding_phone=&#8220;20px||0px||false|false&#8220; global_colors_info=&#8220;{}&#8220;][\/et_pb_section][et_pb_section fb_built=&#8220;1&#8243; _builder_version=&#8220;4.21.0&#8243; _module_preset=&#8220;default&#8220; background_color=&#8220;#e8e8e8&#8243; custom_padding=&#8220;0px||80px||false|false&#8220; global_colors_info=&#8220;{}&#8220;][et_pb_row _builder_version=&#8220;4.21.0&#8243; _module_preset=&#8220;default&#8220; global_colors_info=&#8220;{}&#8220;][et_pb_column type=&#8220;4_4&#8243; _builder_version=&#8220;4.21.0&#8243; _module_preset=&#8220;default&#8220; global_colors_info=&#8220;{}&#8220;][et_pb_blurb title=&#8220;Arbeit von Francis Durbridge in Niederlande&#8220; use_icon=&#8220;on&#8220; font_icon=&#8220;&#xf57c;||fa||900&#8243; icon_color=&#8220;#FFFFFF&#8220; image_icon_background_color=&#8220;gcid-d894ffb2-e0cf-41e7-babb-c0f5051153e4&#8243; image_icon_width=&#8220;50px&#8220; content_max_width=&#8220;100%&#8220; _builder_version=&#8220;4.24.0&#8243; _module_preset=&#8220;default&#8220; header_font=&#8220;|600|||||||&#8220; header_text_align=&#8220;center&#8220; header_line_height=&#8220;1.3em&#8220; custom_margin=&#8220;-75px||||false|false&#8220; hover_enabled=&#8220;0&#8243; header_line_height_tablet=&#8220;1.3em&#8220; header_line_height_phone=&#8220;1.6em&#8220; header_line_height_last_edited=&#8220;on|phone&#8220; border_radii_image=&#8220;on|360px|360px|360px|360px&#8220; border_width_all_image=&#8220;20px&#8220; border_color_all_image=&#8220;gcid-d894ffb2-e0cf-41e7-babb-c0f5051153e4&#8243; global_colors_info=&#8220;{%22gcid-d894ffb2-e0cf-41e7-babb-c0f5051153e4%22:%91%22image_icon_background_color%22,%22border_color_all_image%22%93}&#8220; sticky_enabled=&#8220;0&#8243;][\/et_pb_blurb][\/et_pb_column][\/et_pb_row][et_pb_row _builder_version=&#8220;4.21.0&#8243; _module_preset=&#8220;default&#8220; width=&#8220;100%&#8220; max_width=&#8220;100%&#8220; custom_padding=&#8220;0px||0px||true|false&#8220; global_colors_info=&#8220;{}&#8220;][et_pb_column type=&#8220;4_4&#8243; _builder_version=&#8220;4.21.0&#8243; _module_preset=&#8220;default&#8220; global_colors_info=&#8220;{}&#8220;][dipi_carousel columns=&#8220;6&#8243; space_between=&#8220;40&#8243; loop_wide=&#8220;on&#8220; autoplay_wide=&#8220;on&#8220; pause_on_hover_wide=&#8220;on&#8220; autoplay_speed_wide=&#8220;5000&#8243; loop_mid=&#8220;on&#8220; loop_small=&#8220;on&#8220; navigation=&#8220;on&#8220; pagination=&#8220;on&#8220; centered=&#8220;on&#8220; navigation_prev_icon_yn=&#8220;on&#8220; navigation_prev_icon=&#8220;&#x44;||divi||400&#8243; navigation_next_icon_yn=&#8220;on&#8220; navigation_next_icon=&#8220;&#x45;||divi||400&#8243; navigation_padding=&#8220;25&#8243; navigation_color=&#8220;#FFFFFF&#8220; navigation_bg_color=&#8220;rgba(0,0,0,0.5)&#8220; navigation_position_left=&#8220;0px&#8220; navigation_position_right=&#8220;0px&#8220; pagination_color=&#8220;#000000&#8243; pagination_active_color=&#8220;#bc1616&#8243; columns_tablet=&#8220;3&#8243; columns_phone=&#8220;1&#8243; columns_last_edited=&#8220;on|phone&#8220; _builder_version=&#8220;4.21.0&#8243; _module_preset=&#8220;default&#8220; width=&#8220;100%&#8220; module_alignment=&#8220;center&#8220; custom_css_title=&#8220;display:none;&#8220; global_colors_info=&#8220;{}&#8220; custom_css_active_slide_last_edited=&#8220;off|desktop&#8220;][dipi_carousel_child img_src=&#8220;https:\/\/www.francisdurbridgepresents.com\/wp-content\/uploads\/2023\/06\/IMG_7214.jpg&#8220; title_text=&#8220;IMG_7214&#8243; _builder_version=&#8220;4.21.0&#8243; _module_preset=&#8220;default&#8220; global_colors_info=&#8220;{}&#8220;][\/dipi_carousel_child][dipi_carousel_child img_src=&#8220;https:\/\/www.francisdurbridgepresents.com\/wp-content\/uploads\/2023\/06\/IMG_7215.jpg&#8220; title_text=&#8220;IMG_7215&#8243; _builder_version=&#8220;4.21.0&#8243; _module_preset=&#8220;default&#8220; global_colors_info=&#8220;{}&#8220;][\/dipi_carousel_child][dipi_carousel_child img_src=&#8220;https:\/\/www.francisdurbridgepresents.com\/wp-content\/uploads\/2023\/06\/IMG_7216.jpg&#8220; title_text=&#8220;IMG_7216&#8243; _builder_version=&#8220;4.21.0&#8243; _module_preset=&#8220;default&#8220; global_colors_info=&#8220;{}&#8220;][\/dipi_carousel_child][dipi_carousel_child img_src=&#8220;https:\/\/www.francisdurbridgepresents.com\/wp-content\/uploads\/2023\/06\/IMG_7217.jpg&#8220; title_text=&#8220;IMG_7217&#8243; _builder_version=&#8220;4.21.0&#8243; _module_preset=&#8220;default&#8220; global_colors_info=&#8220;{}&#8220;][\/dipi_carousel_child][dipi_carousel_child img_src=&#8220;https:\/\/www.francisdurbridgepresents.com\/wp-content\/uploads\/2023\/06\/IMG_7218.jpg&#8220; title_text=&#8220;IMG_7218&#8243; _builder_version=&#8220;4.21.0&#8243; _module_preset=&#8220;default&#8220; global_colors_info=&#8220;{}&#8220;][\/dipi_carousel_child][dipi_carousel_child img_src=&#8220;https:\/\/www.francisdurbridgepresents.com\/wp-content\/uploads\/2023\/06\/IMG_7219.jpg&#8220; title_text=&#8220;IMG_7219&#8243; _builder_version=&#8220;4.21.0&#8243; _module_preset=&#8220;default&#8220; global_colors_info=&#8220;{}&#8220;][\/dipi_carousel_child][dipi_carousel_child img_src=&#8220;https:\/\/www.francisdurbridgepresents.com\/wp-content\/uploads\/2023\/06\/IMG_7220.jpg&#8220; title_text=&#8220;IMG_7220&#8243; _builder_version=&#8220;4.21.0&#8243; _module_preset=&#8220;default&#8220; global_colors_info=&#8220;{}&#8220;][\/dipi_carousel_child][dipi_carousel_child img_src=&#8220;https:\/\/www.francisdurbridgepresents.com\/wp-content\/uploads\/2023\/06\/IMG_7233.jpg&#8220; title_text=&#8220;IMG_7233&#8243; _builder_version=&#8220;4.21.0&#8243; _module_preset=&#8220;default&#8220; global_colors_info=&#8220;{}&#8220;][\/dipi_carousel_child][dipi_carousel_child img_src=&#8220;https:\/\/www.francisdurbridgepresents.com\/wp-content\/uploads\/2023\/06\/IMG_7346.jpg&#8220; title_text=&#8220;IMG_7346&#8243; _builder_version=&#8220;4.21.0&#8243; _module_preset=&#8220;default&#8220; global_colors_info=&#8220;{}&#8220;][\/dipi_carousel_child][\/dipi_carousel][\/et_pb_column][\/et_pb_row][\/et_pb_section]<\/p>\n","protected":false},"excerpt":{"rendered":"<p>InternationalFrancis Durbridgeund die NiederlandeHolland war f\u00fcr Francis Durbridge ein Markt, der im krassen Gegensatz zu Frankreich stand. W\u00e4hrend der Autor in Frankreich vor allem durch seine Fernsehserien bekannt wurde, waren es in Holland seine Paul-Temple-H\u00f6rspiele, die ihm gro\u00dfe Popularit\u00e4t einbrachten. Allerdings gab es nie niederl\u00e4ndische TV-Verfilmnungen. Zu dem fr\u00fchen Erfolg Paul Temples in den Niederlanden [&hellip;]<\/p>\n","protected":false},"author":1,"featured_media":0,"parent":1696,"menu_order":0,"comment_status":"closed","ping_status":"closed","template":"","meta":{"_et_pb_use_builder":"on","_et_pb_old_content":"<!-- wp:divi\/placeholder \/-->","_et_gb_content_width":"","footnotes":""},"dipi_cpt_category":[],"class_list":["post-1746","page","type-page","status-publish","hentry"],"yoast_head":"<!-- This site is optimized with the Yoast SEO plugin v22.0 - https:\/\/yoast.com\/wordpress\/plugins\/seo\/ -->\n<title>Dutch Television and Radio Adaptations | Serial Productions<\/title>\n<meta name=\"robots\" content=\"index, follow, max-snippet:-1, max-image-preview:large, max-video-preview:-1\" \/>\n<link rel=\"canonical\" href=\"https:\/\/www.francisdurbridgepresents.com\/de\/countries\/niederlande\/\" \/>\n<meta property=\"og:locale\" content=\"de_DE\" \/>\n<meta property=\"og:type\" content=\"article\" \/>\n<meta property=\"og:title\" content=\"Dutch Television and Radio Adaptations | Serial Productions\" \/>\n<meta property=\"og:description\" content=\"InternationalFrancis Durbridgeund die NiederlandeHolland war f\u00fcr Francis Durbridge ein Markt, der im krassen Gegensatz zu Frankreich stand. W\u00e4hrend der Autor in Frankreich vor allem durch seine Fernsehserien bekannt wurde, waren es in Holland seine Paul-Temple-H\u00f6rspiele, die ihm gro\u00dfe Popularit\u00e4t einbrachten. Allerdings gab es nie niederl\u00e4ndische TV-Verfilmnungen. Zu dem fr\u00fchen Erfolg Paul Temples in den Niederlanden [&hellip;]\" \/>\n<meta property=\"og:url\" content=\"https:\/\/www.francisdurbridgepresents.com\/de\/countries\/niederlande\/\" \/>\n<meta property=\"og:site_name\" content=\"Francis Durbridge\" \/>\n<meta property=\"article:modified_time\" content=\"2024-02-05T14:25:42+00:00\" \/>\n<meta name=\"twitter:card\" content=\"summary_large_image\" \/>\n<meta name=\"twitter:label1\" content=\"Gesch\u00e4tzte Lesezeit\" \/>\n\t<meta name=\"twitter:data1\" content=\"5\u00a0Minuten\" \/>\n<script type=\"application\/ld+json\" class=\"yoast-schema-graph\">{\"@context\":\"https:\/\/schema.org\",\"@graph\":[{\"@type\":\"WebPage\",\"@id\":\"https:\/\/www.francisdurbridgepresents.com\/de\/countries\/niederlande\/\",\"url\":\"https:\/\/www.francisdurbridgepresents.com\/de\/countries\/niederlande\/\",\"name\":\"Dutch Television and Radio Adaptations | Serial Productions\",\"isPartOf\":{\"@id\":\"http:\/\/www.francisdurbridgepresents.com\/de\/#website\"},\"datePublished\":\"2023-06-19T15:45:05+00:00\",\"dateModified\":\"2024-02-05T14:25:42+00:00\",\"breadcrumb\":{\"@id\":\"https:\/\/www.francisdurbridgepresents.com\/de\/countries\/niederlande\/#breadcrumb\"},\"inLanguage\":\"de\",\"potentialAction\":[{\"@type\":\"ReadAction\",\"target\":[\"https:\/\/www.francisdurbridgepresents.com\/de\/countries\/niederlande\/\"]}]},{\"@type\":\"BreadcrumbList\",\"@id\":\"https:\/\/www.francisdurbridgepresents.com\/de\/countries\/niederlande\/#breadcrumb\",\"itemListElement\":[{\"@type\":\"ListItem\",\"position\":1,\"name\":\"Home\",\"item\":\"http:\/\/projects.urbanelement.com\/francisdurbridgepresents\/de\/\"},{\"@type\":\"ListItem\",\"position\":2,\"name\":\"International\",\"item\":\"http:\/\/projects.urbanelement.com\/francisdurbridgepresents\/countries\/\"},{\"@type\":\"ListItem\",\"position\":3,\"name\":\"Niederlande\"}]},{\"@type\":\"WebSite\",\"@id\":\"http:\/\/www.francisdurbridgepresents.com\/de\/#website\",\"url\":\"http:\/\/www.francisdurbridgepresents.com\/de\/\",\"name\":\"Francis Durbridge\",\"description\":\"Serial Productions\",\"publisher\":{\"@id\":\"http:\/\/www.francisdurbridgepresents.com\/de\/#organization\"},\"potentialAction\":[{\"@type\":\"SearchAction\",\"target\":{\"@type\":\"EntryPoint\",\"urlTemplate\":\"http:\/\/www.francisdurbridgepresents.com\/de\/?s={search_term_string}\"},\"query-input\":\"required name=search_term_string\"}],\"inLanguage\":\"de\"},{\"@type\":\"Organization\",\"@id\":\"http:\/\/www.francisdurbridgepresents.com\/de\/#organization\",\"name\":\"Francis Durbridge\",\"url\":\"http:\/\/www.francisdurbridgepresents.com\/de\/\",\"logo\":{\"@type\":\"ImageObject\",\"inLanguage\":\"de\",\"@id\":\"http:\/\/www.francisdurbridgepresents.com\/de\/#\/schema\/logo\/image\/\",\"url\":\"https:\/\/www.francisdurbridgepresents.com\/wp-content\/uploads\/2023\/06\/logo.jpg\",\"contentUrl\":\"https:\/\/www.francisdurbridgepresents.com\/wp-content\/uploads\/2023\/06\/logo.jpg\",\"width\":265,\"height\":159,\"caption\":\"Francis Durbridge\"},\"image\":{\"@id\":\"http:\/\/www.francisdurbridgepresents.com\/de\/#\/schema\/logo\/image\/\"}}]}<\/script>\n<!-- \/ Yoast SEO plugin. -->","yoast_head_json":{"title":"Dutch Television and Radio Adaptations | Serial Productions","robots":{"index":"index","follow":"follow","max-snippet":"max-snippet:-1","max-image-preview":"max-image-preview:large","max-video-preview":"max-video-preview:-1"},"canonical":"https:\/\/www.francisdurbridgepresents.com\/de\/countries\/niederlande\/","og_locale":"de_DE","og_type":"article","og_title":"Dutch Television and Radio Adaptations | Serial Productions","og_description":"InternationalFrancis Durbridgeund die NiederlandeHolland war f\u00fcr Francis Durbridge ein Markt, der im krassen Gegensatz zu Frankreich stand. W\u00e4hrend der Autor in Frankreich vor allem durch seine Fernsehserien bekannt wurde, waren es in Holland seine Paul-Temple-H\u00f6rspiele, die ihm gro\u00dfe Popularit\u00e4t einbrachten. Allerdings gab es nie niederl\u00e4ndische TV-Verfilmnungen. Zu dem fr\u00fchen Erfolg Paul Temples in den Niederlanden [&hellip;]","og_url":"https:\/\/www.francisdurbridgepresents.com\/de\/countries\/niederlande\/","og_site_name":"Francis Durbridge","article_modified_time":"2024-02-05T14:25:42+00:00","twitter_card":"summary_large_image","twitter_misc":{"Gesch\u00e4tzte Lesezeit":"5\u00a0Minuten"},"schema":{"@context":"https:\/\/schema.org","@graph":[{"@type":"WebPage","@id":"https:\/\/www.francisdurbridgepresents.com\/de\/countries\/niederlande\/","url":"https:\/\/www.francisdurbridgepresents.com\/de\/countries\/niederlande\/","name":"Dutch Television and Radio Adaptations | Serial Productions","isPartOf":{"@id":"http:\/\/www.francisdurbridgepresents.com\/de\/#website"},"datePublished":"2023-06-19T15:45:05+00:00","dateModified":"2024-02-05T14:25:42+00:00","breadcrumb":{"@id":"https:\/\/www.francisdurbridgepresents.com\/de\/countries\/niederlande\/#breadcrumb"},"inLanguage":"de","potentialAction":[{"@type":"ReadAction","target":["https:\/\/www.francisdurbridgepresents.com\/de\/countries\/niederlande\/"]}]},{"@type":"BreadcrumbList","@id":"https:\/\/www.francisdurbridgepresents.com\/de\/countries\/niederlande\/#breadcrumb","itemListElement":[{"@type":"ListItem","position":1,"name":"Home","item":"http:\/\/projects.urbanelement.com\/francisdurbridgepresents\/de\/"},{"@type":"ListItem","position":2,"name":"International","item":"http:\/\/projects.urbanelement.com\/francisdurbridgepresents\/countries\/"},{"@type":"ListItem","position":3,"name":"Niederlande"}]},{"@type":"WebSite","@id":"http:\/\/www.francisdurbridgepresents.com\/de\/#website","url":"http:\/\/www.francisdurbridgepresents.com\/de\/","name":"Francis Durbridge","description":"Serial Productions","publisher":{"@id":"http:\/\/www.francisdurbridgepresents.com\/de\/#organization"},"potentialAction":[{"@type":"SearchAction","target":{"@type":"EntryPoint","urlTemplate":"http:\/\/www.francisdurbridgepresents.com\/de\/?s={search_term_string}"},"query-input":"required name=search_term_string"}],"inLanguage":"de"},{"@type":"Organization","@id":"http:\/\/www.francisdurbridgepresents.com\/de\/#organization","name":"Francis Durbridge","url":"http:\/\/www.francisdurbridgepresents.com\/de\/","logo":{"@type":"ImageObject","inLanguage":"de","@id":"http:\/\/www.francisdurbridgepresents.com\/de\/#\/schema\/logo\/image\/","url":"https:\/\/www.francisdurbridgepresents.com\/wp-content\/uploads\/2023\/06\/logo.jpg","contentUrl":"https:\/\/www.francisdurbridgepresents.com\/wp-content\/uploads\/2023\/06\/logo.jpg","width":265,"height":159,"caption":"Francis Durbridge"},"image":{"@id":"http:\/\/www.francisdurbridgepresents.com\/de\/#\/schema\/logo\/image\/"}}]}},"_links":{"self":[{"href":"https:\/\/www.francisdurbridgepresents.com\/de\/wp-json\/wp\/v2\/pages\/1746","targetHints":{"allow":["GET"]}}],"collection":[{"href":"https:\/\/www.francisdurbridgepresents.com\/de\/wp-json\/wp\/v2\/pages"}],"about":[{"href":"https:\/\/www.francisdurbridgepresents.com\/de\/wp-json\/wp\/v2\/types\/page"}],"author":[{"embeddable":true,"href":"https:\/\/www.francisdurbridgepresents.com\/de\/wp-json\/wp\/v2\/users\/1"}],"replies":[{"embeddable":true,"href":"https:\/\/www.francisdurbridgepresents.com\/de\/wp-json\/wp\/v2\/comments?post=1746"}],"version-history":[{"count":3,"href":"https:\/\/www.francisdurbridgepresents.com\/de\/wp-json\/wp\/v2\/pages\/1746\/revisions"}],"predecessor-version":[{"id":2165,"href":"https:\/\/www.francisdurbridgepresents.com\/de\/wp-json\/wp\/v2\/pages\/1746\/revisions\/2165"}],"up":[{"embeddable":true,"href":"https:\/\/www.francisdurbridgepresents.com\/de\/wp-json\/wp\/v2\/pages\/1696"}],"wp:attachment":[{"href":"https:\/\/www.francisdurbridgepresents.com\/de\/wp-json\/wp\/v2\/media?parent=1746"}],"wp:term":[{"taxonomy":"dipi_cpt_category","embeddable":true,"href":"https:\/\/www.francisdurbridgepresents.com\/de\/wp-json\/wp\/v2\/dipi_cpt_category?post=1746"}],"curies":[{"name":"wp","href":"https:\/\/api.w.org\/{rel}","templated":true}]}}